{"id":5,"date":"2023-02-12T11:47:49","date_gmt":"2023-02-12T16:47:49","guid":{"rendered":"https:\/\/egenbostad.nu\/?page_id=5"},"modified":"2023-02-12T12:33:23","modified_gmt":"2023-02-12T17:33:23","slug":"quienes-somos","status":"publish","type":"page","link":"https:\/\/egenbostad.nu\/sv\/quienes-somos\/","title":{"rendered":"QUIENES SOMOS"},"content":{"rendered":"<h2 class=\"wp-block-heading\"><strong>\u00a1Estamos de tu lado durante todo el proceso de compra!<\/strong><\/h2>\n\n\n\n<div class=\"wp-block-columns is-layout-flex wp-container-core-columns-is-layout-28f84493 wp-block-columns-is-layout-flex\">\n<div class=\"wp-block-column is-vertically-aligned-top is-layout-flow wp-block-column-is-layout-flow\" style=\"flex-basis:50%\">\n<div class=\"wp-block-group is-layout-constrained wp-block-group-is-layout-constrained\">\n<div class=\"wp-block-group is-layout-constrained wp-block-group-is-layout-constrained\">\n<figure class=\"wp-block-image size-large is-resized\"><img fetchpriority=\"high\" decoding=\"async\" src=\"https:\/\/egenbostad.nu\/wp-content\/uploads\/2023\/02\/quienessomos.jpg\" alt=\"\" class=\"wp-image-21\" width=\"303\" height=\"404\"\/><\/figure>\n<\/div>\n<\/div>\n<\/div>\n\n\n\n<div class=\"wp-block-column is-layout-flow wp-block-column-is-layout-flow\" style=\"flex-basis:50%\">\n<p>Mi nombre es Olga Mu\u00f1oz y he sido corredora de propiedad ra\u00edz ac\u00e1 en Estocolmo desde el 2008; a trav\u00e9s de mis a\u00f1os de experiencia muy a menudo recibo llamadas de personas, que tienen el deseo de adquirir una vivienda, pero piensan que el mercado inmobiliario en Suecia y el proceso de compra es demasiado complicado. Se sienten solos y estresados en las negociaciones con los bancos y los intermediarios del vendedor, especialmente en la licitaci\u00f3n y valoraci\u00f3n de la vivienda. Esto les ha impedido cumplir su sue\u00f1o.<\/p>\n\n\n\n<p>En el mercado de propiedad ra\u00edz en Suecia, los agentes inmobiliarios tienen el deber de asesorar, tanto al vendedor como al comprador, pero no existe un agente inmobiliario que s\u00f3lo represente al comprador mi inter\u00e9s es que t\u00fa como comprador tambi\u00e9n tengas la opci\u00f3n de elegir tu propio agente inmobiliario, que te represente durante todo el proceso de compra.<\/p>\n\n\n\n<p>Hablo Espa\u00f1ol, Ingl\u00e9s y Sueco y tengo muchos a\u00f1os de experiencia en venta de propiedades. Como tu asesora, te dar\u00e9 varias opciones de vivienda dentro y fuera del mercado, te representar\u00e9 en todo contacto con los bancos y el agente inmobiliario del vendedor, revisar\u00e9 todos los documentos legales antes de firmar el contrato y te guiar\u00e9 a trav\u00e9s de todo el proceso, hasta la entrega de llaves.<\/p>\n\n\n\n<p>Mi meta es de que te sientas 100% seguro, apoyado y guiado en el proceso de compra y de esta manera puedas saber exactamente que documentos se deben firmar al comprar un apartamento o una casa.<\/p>\n\n\n\n<p>\u00a1Comienza por reservar tu consulta gratuita aqui \ud83d\udc49&nbsp;<a href=\"https:\/\/egenbostad.nu\/sv\/#formulario\"><strong>FORMULARIO<\/strong><\/a>, En nuestra primera reuni\u00f3n, haremos un calculo de tu presupuesto y veremos veremos qu\u00e9 propiedades podr\u00edas comprar.<\/p>\n\n\n\n<p>Con ayuda profesional, tu tambi\u00e9n podr\u00e1s tener la oportunidad de comprar tu propia vivienda!<\/p>\n\n\n\n<p><\/p>\n\n\n\n<p><\/p>\n<\/div>\n<\/div>","protected":false},"excerpt":{"rendered":"<p>\u00a1Estamos de tu lado durante todo el proceso de compra! Mi nombre es Olga Mu\u00f1oz y he sido corredora de propiedad ra\u00edz ac\u00e1 en Estocolmo desde el 2008; a trav\u00e9s de mis a\u00f1os de experiencia muy a menudo recibo llamadas de personas, que tienen el deseo de adquirir una vivienda, pero piensan que el mercado [&hellip;]<\/p>","protected":false},"author":1,"featured_media":0,"parent":0,"menu_order":0,"comment_status":"closed","ping_status":"closed","template":"","meta":{"footnotes":""},"class_list":["post-5","page","type-page","status-publish","hentry"],"_links":{"self":[{"href":"https:\/\/egenbostad.nu\/sv\/wp-json\/wp\/v2\/pages\/5","targetHints":{"allow":["GET"]}}],"collection":[{"href":"https:\/\/egenbostad.nu\/sv\/wp-json\/wp\/v2\/pages"}],"about":[{"href":"https:\/\/egenbostad.nu\/sv\/wp-json\/wp\/v2\/types\/page"}],"author":[{"embeddable":true,"href":"https:\/\/egenbostad.nu\/sv\/wp-json\/wp\/v2\/users\/1"}],"replies":[{"embeddable":true,"href":"https:\/\/egenbostad.nu\/sv\/wp-json\/wp\/v2\/comments?post=5"}],"version-history":[{"count":5,"href":"https:\/\/egenbostad.nu\/sv\/wp-json\/wp\/v2\/pages\/5\/revisions"}],"predecessor-version":[{"id":118,"href":"https:\/\/egenbostad.nu\/sv\/wp-json\/wp\/v2\/pages\/5\/revisions\/118"}],"wp:attachment":[{"href":"https:\/\/egenbostad.nu\/sv\/wp-json\/wp\/v2\/media?parent=5"}],"curies":[{"name":"wp","href":"https:\/\/api.w.org\/{rel}","templated":true}]}}